{"id":581,"date":"2024-10-04T11:25:22","date_gmt":"2024-10-04T11:25:22","guid":{"rendered":"https:\/\/www.czysta-tapicerka.waw.pl\/?page_id=581"},"modified":"2024-10-04T11:25:23","modified_gmt":"2024-10-04T11:25:23","slug":"pranie-tapicerki-saska-kepa","status":"publish","type":"page","link":"https:\/\/www.czysta-tapicerka.waw.pl\/index.php\/pranie-tapicerki-saska-kepa\/","title":{"rendered":"Pranie tapicerki Saska K\u0119pa"},"content":{"rendered":"\n<p class=\"has-text-align-left\" style=\"font-size:22px\">Pranie tapicerki (kanapy, naro\u017cnika, sofy, fotela), dywan\u00f3w i wyk\u0142adzin, materac\u00f3w oraz czyszczenie tapicerki sk\u00f3rzanej Saska K\u0119pa.<\/p>\n\n\n\n<h2 class=\"wp-block-heading\" id=\"h-pranie-tapicerki-meblowej\">Pranie tapicerki meblowej:<\/h2>\n\n\n\n<figure class=\"wp-block-table is-style-stripes\"><table class=\"has-fixed-layout\"><tbody><tr><td class=\"has-text-align-left\" data-align=\"left\">Kanapa<\/td><td class=\"has-text-align-center\" data-align=\"center\">Od 160 z\u0142<\/td><\/tr><tr><td class=\"has-text-align-left\" data-align=\"left\">Naro\u017cnik standardowy &#8211; do 2,5 m.b.<\/td><td class=\"has-text-align-center\" data-align=\"center\">Od 180 z\u0142<\/td><\/tr><tr><td class=\"has-text-align-left\" data-align=\"left\">Naro\u017cnik du\u017cy &#8211; powy\u017cej 2,5 m.b.<\/td><td class=\"has-text-align-center\" data-align=\"center\">Od 200 z\u0142<\/td><\/tr><tr><td class=\"has-text-align-left\" data-align=\"left\">Naro\u017cnik w kszta\u0142cie litery U<\/td><td class=\"has-text-align-center\" data-align=\"center\">Od 250 z\u0142<\/td><\/tr><tr><td class=\"has-text-align-left\" data-align=\"left\">Fotel ma\u0142y<\/td><td class=\"has-text-align-center\" data-align=\"center\">Od 60 z\u0142<\/td><\/tr><tr><td class=\"has-text-align-left\" data-align=\"left\">Fotel du\u017cy\/gamingowy<\/td><td class=\"has-text-align-center\" data-align=\"center\">Od 90 z\u0142<\/td><\/tr><tr><td class=\"has-text-align-left\" data-align=\"left\">Fotel biurowy<\/td><td class=\"has-text-align-center\" data-align=\"center\">Od 30 z\u0142<\/td><\/tr><tr><td class=\"has-text-align-left\" data-align=\"left\">Krzes\u0142o z oparciem dooko\u0142a tapicerowane<\/td><td class=\"has-text-align-center\" data-align=\"center\">Od 40 z\u0142<\/td><\/tr><tr><td class=\"has-text-align-left\" data-align=\"left\">Krzes\u0142o z oparciem<\/td><td class=\"has-text-align-center\" data-align=\"center\">Od 25 z\u0142<\/td><\/tr><tr><td class=\"has-text-align-left\" data-align=\"left\">Krzes\u0142o bez oparcia<\/td><td class=\"has-text-align-center\" data-align=\"center\">Od 15 z\u0142<\/td><\/tr><tr><td class=\"has-text-align-left\" data-align=\"left\">Pufa (standardowa\/du\u017ca)<\/td><td class=\"has-text-align-center\" data-align=\"center\">Od 30-45 z\u0142<\/td><\/tr><tr><td class=\"has-text-align-left\" data-align=\"left\">Poduszka meblowa (ma\u0142a\/\u015brednia\/du\u017ca)<\/td><td class=\"has-text-align-center\" data-align=\"center\">Od 10-30 z\u0142<\/td><\/tr><tr><td class=\"has-text-align-left\" data-align=\"left\">Pranie \u0142\u00f3\u017cka tapicerowanego z wezg\u0142owiem<\/td><td class=\"has-text-align-center\" data-align=\"center\">Od 170 z\u0142<\/td><\/tr><tr><td class=\"has-text-align-left\" data-align=\"left\">Funkcja spania (naro\u017cnik, kanapa)<\/td><td class=\"has-text-align-center\" data-align=\"center\">Od 30 z\u0142<\/td><\/tr><\/tbody><\/table><\/figure>\n\n\n\n<h2 class=\"wp-block-heading\" id=\"h-pranie-materacow\">Pranie materac\u00f3w:<\/h2>\n\n\n\n<figure class=\"wp-block-table is-style-stripes\"><table class=\"has-fixed-layout\"><tbody><tr><td>Materac 1os 1-stronnie<\/td><td class=\"has-text-align-center\" data-align=\"center\">Od 100 z\u0142<\/td><\/tr><tr><td>Materac 1os 2-stronnie<\/td><td class=\"has-text-align-center\" data-align=\"center\">Od 200 z\u0142<\/td><\/tr><tr><td>Materac 2os 1-stronnie (140-180cm+ szeroko\u015b\u0107)<\/td><td class=\"has-text-align-center\" data-align=\"center\">Od 200 z\u0142<\/td><\/tr><tr><td>Materac 2os 2-stronnie (140-180cm+ szeroko\u015b\u0107)<\/td><td class=\"has-text-align-center\" data-align=\"center\">Od 300 z\u0142<\/td><\/tr><\/tbody><\/table><\/figure>\n\n\n\n<p><\/p>\n\n\n\n<h2 class=\"wp-block-heading\" id=\"h-pranie-dywanow-wykladzin\">Pranie dywan\u00f3w\/wyk\u0142adzin:<\/h2>\n\n\n\n<figure class=\"wp-block-table is-style-stripes\"><table class=\"has-fixed-layout\"><tbody><tr><td>Dywan\/wyk\u0142adzina <\/td><td class=\"has-text-align-center\" data-align=\"center\">Od 25 z\u0142\/m2<\/td><\/tr><\/tbody><\/table><\/figure>\n\n\n\n<h2 class=\"wp-block-heading\" id=\"h-pranie-tapicerki-samochodowej\">Pranie tapicerki samochodowej:<\/h2>\n\n\n\n<figure class=\"wp-block-table is-style-stripes\"><table class=\"has-fixed-layout\"><tbody><tr><td>Komplet tapicerka materia\u0142owa (fotele + kanapa)<\/td><td class=\"has-text-align-center\" data-align=\"center\">Od 300 z\u0142<\/td><\/tr><tr><td>Pod\u0142oga<\/td><td class=\"has-text-align-center\" data-align=\"center\">Od 50 z\u0142<\/td><\/tr><tr><td>Tapicerka w autokarze<\/td><td class=\"has-text-align-center\" data-align=\"center\">Od 40z\u0142\/fotel<\/td><\/tr><tr><td><\/td><td class=\"has-text-align-center\" data-align=\"center\"><\/td><\/tr><\/tbody><\/table><\/figure>\n\n\n\n<h2 class=\"wp-block-heading\" id=\"h-pranie-tapicerki-skorzanej\">Pranie tapicerki sk\u00f3rzanej:<\/h2>\n\n\n\n<figure class=\"wp-block-table is-style-stripes\"><table class=\"has-fixed-layout\"><tbody><tr><td>Tapicerka meblowa<\/td><td class=\"has-text-align-center\" data-align=\"center\">90 z\u0142 \/ miejsce siedz\u0105ce<\/td><\/tr><tr><td>Tapicerka samochodowa (fotele + kanapa)<\/td><td class=\"has-text-align-center\" data-align=\"center\">400z\u0142<\/td><\/tr><\/tbody><\/table><\/figure>\n\n\n\n<div style=\"height:22px\" aria-hidden=\"true\" class=\"wp-block-spacer\"><\/div>\n\n\n\n<p class=\"has-medium-font-size\">Zapraszamy do skorzystania z naszych profesjonalnych us\u0142ug jak: pranie tapicerki (kanapy, naro\u017cnika, sofy, fotela), pranie dywan\u00f3w i wyk\u0142adzin, pranie materac\u00f3w oraz czyszczenie tapicerki sk\u00f3rzanej Saska K\u0119pa! Specjalizujemy si\u0119 w kompleksowym i skutecznym czyszczeniu tapicerki, przywracaj\u0105c jej pierwotn\u0105 \u015bwie\u017co\u015b\u0107 i czysto\u015b\u0107.<\/p>\n\n\n\n<p class=\"has-medium-font-size\">Nasz do\u015bwiadczony zesp\u00f3\u0142 wykorzystuje nowoczesne metody oraz wysokiej jako\u015bci \u015brodki czyszcz\u0105ce, aby skutecznie pozby\u0107 si\u0119 plam, kurzu oraz nieprzyjemnych zapach\u00f3w. Bez wzgl\u0119du na rodzaj tapicerki: materia\u0142ow\u0105, sk\u00f3rzan\u0105 czy mieszan\u0105, zapewniamy profesjonalne podej\u015bcie i doskona\u0142e rezultaty.<\/p>\n\n\n\n<p class=\"has-medium-font-size\">Dlaczego warto nam zaufa\u0107?<\/p>\n\n\n\n<ul class=\"wp-block-list\">\n<li class=\"has-medium-font-size\">Do\u015bwiadczenie: Posiadamy szerok\u0105 wiedz\u0119 i umiej\u0119tno\u015bci w zakresie prania r\u00f3\u017cnorodnych rodzaj\u00f3w tapicerki. Jeste\u015bmy w stanie usun\u0105\u0107 ci\u0119\u017ckie plamy, dlatego, \u017ce korzystamy z bardzo dobrej jako\u015bci chemii. W rzeczywisto\u015bci pozwala nam to na usuni\u0119cie plam, z kt\u00f3rymi niekiedy inni pracze maj\u0105 problemy.<\/li>\n\n\n\n<li class=\"has-medium-font-size\">Skuteczno\u015b\u0107: Nasze metody czyszczenia s\u0105 nie tylko skuteczne, ale tak\u017ce delikatne dla materia\u0142\u00f3w, zapewniaj\u0105c d\u0142ugotrwa\u0142e rezultaty. Posiadamy szeroki asortyment chemii, r\u00f3wnie\u017c t\u0105 bezpieczn\u0105 dla w\u0142\u00f3kien naturalny. Dlatego zamawiaj\u0105c nasz\u0105 us\u0142ug\u0119 &#8211; nie musisz si\u0119 martwi\u0107 o bezpiecze\u0144stwo materia\u0142u.<\/li>\n\n\n\n<li class=\"has-medium-font-size\">Indywidualne podej\u015bcie: Dostosowujemy nasze us\u0142ugi do potrzeb klient\u00f3w, gwarantuj\u0105c satysfakcj\u0119 oraz perfekcyjne efekty.<\/li>\n<\/ul>\n\n\n\n<p class=\"has-medium-font-size\">Skontaktuj si\u0119 z nami ju\u017c dzi\u015b, aby um\u00f3wi\u0107 si\u0119 na profesjonalne us\u0142ugi jak: pranie tapicerki (kanapy, naro\u017cnika, sofy, fotela), pranie dywan\u00f3w i wyk\u0142adzin, pranie materac\u00f3w oraz czyszczenie tapicerki sk\u00f3rzanej Saska K\u0119pa &#8211; i ciesz si\u0119 czysto\u015bci\u0105 w Twoim otoczeniu.<\/p>\n\n\n\n<p class=\"has-medium-font-size\">Dzia\u0142amy na terenie Warszawy i okolic (+50km).  <\/p>\n\n\n\n<p class=\"has-text-align-left has-medium-font-size\"><a href=\"https:\/\/www.facebook.com\/profile.php?id=100090025699514\">Zle\u0107 nam pranie Twojej tapicerki przez wiadomo\u015b\u0107 na Facebooku lub: <\/a> <\/p>\n\n\n\n<p class=\"has-text-align-center has-black-color has-text-color has-medium-font-size\"> Zadzwo\u0144 i um\u00f3w si\u0119 na termin: <\/p>\n\n\n\n<h1 class=\"wp-block-heading has-text-align-center has-medium-font-size\"><strong>+48 510-686-595<\/strong><\/h1>\n\n\n\n<div style=\"height:13px\" aria-hidden=\"true\" class=\"wp-block-spacer\"><\/div>\n\n\n\n<p class=\"has-text-align-center has-medium-font-size\">Zapraszamy do <a href=\"https:\/\/www.czysta-tapicerka.waw.pl\/index.php\/kontakt\/\">kontaktu<\/a><\/p>\n\n\n\n<h2 class=\"wp-block-heading has-text-align-center\" id=\"h-oferujemy\">Oferujemy:<\/h2>\n\n\n<style type=\"text\/css\">\n#foogallery-gallery-43 .fg-image { width: 514px; }\n#foogallery-gallery-43 { --fg-gutter: 10px; }<\/style>\n\t\t\t<div class=\"foogallery foogallery-container foogallery-default foogallery-lightbox-foogallery fg-center fg-default fg-ready fg-light fg-border-thin fg-shadow-outline fg-loading-default fg-loaded-fade-in fg-caption-hover fg-hover-fade\" id=\"foogallery-gallery-43\" data-foogallery=\"{&quot;item&quot;:{&quot;showCaptionTitle&quot;:true,&quot;showCaptionDescription&quot;:true},&quot;lazy&quot;:true}\" style=\"--fg-title-line-clamp: 0; --fg-description-line-clamp: 0;\" >\n\t<div class=\"fg-item fg-type-image fg-idle\"><figure class=\"fg-item-inner\"><a data-caption-title=\"Pranie wyk\u0142adzin\" data-attachment-id=\"42\" data-type=\"image\" class=\"fg-thumb\"><span class=\"fg-image-wrap\"><img fetchpriority=\"high\" decoding=\"async\" alt=\"Pranie wyk\u0142adzin\" width=\"514\" height=\"350\" class=\"skip-lazy fg-image\" data-src-fg=\"https:\/\/www.czysta-tapicerka.waw.pl\/wp-content\/uploads\/cache\/2023\/01\/wykladzina\/45597642.png\" src=\"data:image\/svg+xml,%3Csvg%20xmlns%3D%22http%3A%2F%2Fwww.w3.org%2F2000%2Fsvg%22%20width%3D%22514%22%20height%3D%22350%22%20viewBox%3D%220%200%20514%20350%22%3E%3C%2Fsvg%3E\" loading=\"eager\"><\/span><span class=\"fg-image-overlay\"><\/span><\/a><figcaption class=\"fg-caption\"><div class=\"fg-caption-inner\"><div class=\"fg-caption-title\">Pranie wyk\u0142adzin<\/div><\/div><\/figcaption><\/figure><div class=\"fg-loader\"><\/div><\/div><div class=\"fg-item fg-type-image fg-idle\"><figure class=\"fg-item-inner\"><a data-caption-title=\"Pranie tapicerki meblowej\" data-attachment-id=\"39\" data-type=\"image\" class=\"fg-thumb\"><span class=\"fg-image-wrap\"><img decoding=\"async\" alt=\"pranie tapicerki\" width=\"514\" height=\"350\" class=\"skip-lazy fg-image\" data-src-fg=\"https:\/\/www.czysta-tapicerka.waw.pl\/wp-content\/uploads\/cache\/2023\/01\/tapicerka-meblowa\/386065474.png\" src=\"data:image\/svg+xml,%3Csvg%20xmlns%3D%22http%3A%2F%2Fwww.w3.org%2F2000%2Fsvg%22%20width%3D%22514%22%20height%3D%22350%22%20viewBox%3D%220%200%20514%20350%22%3E%3C%2Fsvg%3E\" loading=\"eager\"><\/span><span class=\"fg-image-overlay\"><\/span><\/a><figcaption class=\"fg-caption\"><div class=\"fg-caption-inner\"><div class=\"fg-caption-title\">Pranie tapicerki meblowej<\/div><\/div><\/figcaption><\/figure><div class=\"fg-loader\"><\/div><\/div><div class=\"fg-item fg-type-image fg-idle\"><figure class=\"fg-item-inner\"><a data-caption-title=\"Pranie materac\u00f3w\" data-attachment-id=\"38\" data-type=\"image\" class=\"fg-thumb\"><span class=\"fg-image-wrap\"><img decoding=\"async\" alt=\"Pranie materac\u00f3w\" width=\"514\" height=\"350\" class=\"skip-lazy fg-image\" data-src-fg=\"https:\/\/www.czysta-tapicerka.waw.pl\/wp-content\/uploads\/cache\/2023\/01\/materace\/3544231714.png\" src=\"data:image\/svg+xml,%3Csvg%20xmlns%3D%22http%3A%2F%2Fwww.w3.org%2F2000%2Fsvg%22%20width%3D%22514%22%20height%3D%22350%22%20viewBox%3D%220%200%20514%20350%22%3E%3C%2Fsvg%3E\" loading=\"eager\"><\/span><span class=\"fg-image-overlay\"><\/span><\/a><figcaption class=\"fg-caption\"><div class=\"fg-caption-inner\"><div class=\"fg-caption-title\">Pranie materac\u00f3w<\/div><\/div><\/figcaption><\/figure><div class=\"fg-loader\"><\/div><\/div><div class=\"fg-item fg-type-image fg-idle\"><figure class=\"fg-item-inner\"><a data-caption-title=\"Pranie dywan\u00f3w\" data-attachment-id=\"37\" data-type=\"image\" class=\"fg-thumb\"><span class=\"fg-image-wrap\"><img decoding=\"async\" alt=\"Pranie dywan\u00f3w\" width=\"514\" height=\"350\" class=\"skip-lazy fg-image\" data-src-fg=\"https:\/\/www.czysta-tapicerka.waw.pl\/wp-content\/uploads\/cache\/2023\/01\/dywany\/2852107968.png\" src=\"data:image\/svg+xml,%3Csvg%20xmlns%3D%22http%3A%2F%2Fwww.w3.org%2F2000%2Fsvg%22%20width%3D%22514%22%20height%3D%22350%22%20viewBox%3D%220%200%20514%20350%22%3E%3C%2Fsvg%3E\" loading=\"eager\"><\/span><span class=\"fg-image-overlay\"><\/span><\/a><figcaption class=\"fg-caption\"><div class=\"fg-caption-inner\"><div class=\"fg-caption-title\">Pranie dywan\u00f3w<\/div><\/div><\/figcaption><\/figure><div class=\"fg-loader\"><\/div><\/div><div class=\"fg-item fg-type-image fg-idle\"><figure class=\"fg-item-inner\"><a data-caption-title=\"Czyszczenie tapicerki sk\u00f3rzanej\" data-attachment-id=\"369\" data-type=\"image\" class=\"fg-thumb\"><span class=\"fg-image-wrap\"><img decoding=\"async\" alt=\"czyszczenie tapicerki sk\u00f3rzanej\" width=\"514\" height=\"350\" class=\"skip-lazy fg-image\" data-src-fg=\"https:\/\/www.czysta-tapicerka.waw.pl\/wp-content\/uploads\/cache\/2023\/01\/Sofa-pikowana-skorzana-z-funkcja-spania-3-os\/134236435.jpg\" src=\"data:image\/svg+xml,%3Csvg%20xmlns%3D%22http%3A%2F%2Fwww.w3.org%2F2000%2Fsvg%22%20width%3D%22514%22%20height%3D%22350%22%20viewBox%3D%220%200%20514%20350%22%3E%3C%2Fsvg%3E\" loading=\"eager\"><\/span><span class=\"fg-image-overlay\"><\/span><\/a><figcaption class=\"fg-caption\"><div class=\"fg-caption-inner\"><div class=\"fg-caption-title\">Czyszczenie tapicerki sk\u00f3rzanej<\/div><\/div><\/figcaption><\/figure><div class=\"fg-loader\"><\/div><\/div><\/div>\n","protected":false},"excerpt":{"rendered":"<p>Pranie tapicerki (kanapy, naro\u017cnika, sofy, fotela), dywan\u00f3w i wyk\u0142adzin, materac\u00f3w oraz czyszczenie tapicerki sk\u00f3rzanej Saska K\u0119pa. Pranie tapicerki meblowej: Kanapa Od 160 z\u0142 Naro\u017cnik standardowy &#8211; do 2,5 m.b. Od 180 z\u0142 Naro\u017cnik du\u017cy &#8211; powy\u017cej 2,5 m.b. Od 200 z\u0142 Naro\u017cnik w kszta\u0142cie litery U Od 250 z\u0142 Fotel ma\u0142y Od 60 z\u0142 Fotel&#8230;<\/p>\n","protected":false},"author":2,"featured_media":39,"parent":0,"menu_order":0,"comment_status":"closed","ping_status":"closed","template":"","meta":{"_monsterinsights_skip_tracking":false,"_monsterinsights_sitenote_active":false,"_monsterinsights_sitenote_note":"","_monsterinsights_sitenote_category":0,"_uf_show_specific_survey":0,"_uf_disable_surveys":false,"_kad_post_transparent":"default","_kad_post_title":"hide","_kad_post_layout":"","_kad_post_sidebar_id":"","_kad_post_content_style":"","_kad_post_vertical_padding":"","_kad_post_feature":"","_kad_post_feature_position":"","_kad_post_header":false,"_kad_post_footer":false,"_kad_post_classname":"","footnotes":""},"class_list":["post-581","page","type-page","status-publish","has-post-thumbnail","hentry"],"yoast_head":"<!-- This site is optimized with the Yoast SEO Premium plugin v23.5 (Yoast SEO v27.4) - https:\/\/yoast.com\/product\/yoast-seo-premium-wordpress\/ -->\n<title>Pranie tapicerki Saska K\u0119pa- dywan\u00f3w - Warszawa i okolice Dojazd<\/title>\n<meta name=\"description\" content=\"Pranie tapicerki (kanapy, naro\u017cnika, sofy, fotela)- Pranie dywan\u00f3w- Pranie materac\u00f3w- Czyszczenie tapicerki sk\u00f3rzanej - Saska K\u0119pa\" \/>\n<meta name=\"robots\" content=\"index, follow, max-snippet:-1, max-image-preview:large, max-video-preview:-1\" \/>\n<link rel=\"canonical\" href=\"https:\/\/www.czysta-tapicerka.waw.pl\/index.php\/pranie-tapicerki-saska-kepa\/\" \/>\n<meta property=\"og:locale\" content=\"pl_PL\" \/>\n<meta property=\"og:type\" content=\"article\" \/>\n<meta property=\"og:title\" content=\"Pranie tapicerki Saska K\u0119pa\" \/>\n<meta property=\"og:description\" content=\"Pranie tapicerki (kanapy, naro\u017cnika, sofy, fotela)- Pranie dywan\u00f3w- Pranie materac\u00f3w- Czyszczenie tapicerki sk\u00f3rzanej - Saska K\u0119pa\" \/>\n<meta property=\"og:url\" content=\"https:\/\/www.czysta-tapicerka.waw.pl\/index.php\/pranie-tapicerki-saska-kepa\/\" \/>\n<meta property=\"og:site_name\" content=\"Czysta-tapicerka\" \/>\n<meta property=\"article:publisher\" content=\"https:\/\/www.facebook.com\/profile.php?id=100090025699514\" \/>\n<meta property=\"article:modified_time\" content=\"2024-10-04T11:25:23+00:00\" \/>\n<meta property=\"og:image\" content=\"https:\/\/www.czysta-tapicerka.waw.pl\/wp-content\/uploads\/2023\/01\/tapicerka-meblowa.png\" \/>\n\t<meta property=\"og:image:width\" content=\"588\" \/>\n\t<meta property=\"og:image:height\" content=\"391\" \/>\n\t<meta property=\"og:image:type\" content=\"image\/png\" \/>\n<meta name=\"twitter:card\" content=\"summary_large_image\" \/>\n<meta name=\"twitter:label1\" content=\"Szacowany czas czytania\" \/>\n\t<meta name=\"twitter:data1\" content=\"3 minuty\" \/>\n<script type=\"application\/ld+json\" class=\"yoast-schema-graph\">{\"@context\":\"https:\\\/\\\/schema.org\",\"@graph\":[{\"@type\":\"WebPage\",\"@id\":\"https:\\\/\\\/www.czysta-tapicerka.waw.pl\\\/index.php\\\/pranie-tapicerki-saska-kepa\\\/\",\"url\":\"https:\\\/\\\/www.czysta-tapicerka.waw.pl\\\/index.php\\\/pranie-tapicerki-saska-kepa\\\/\",\"name\":\"Pranie tapicerki Saska K\u0119pa- dywan\u00f3w - Warszawa i okolice Dojazd\",\"isPartOf\":{\"@id\":\"https:\\\/\\\/www.czysta-tapicerka.waw.pl\\\/#website\"},\"primaryImageOfPage\":{\"@id\":\"https:\\\/\\\/www.czysta-tapicerka.waw.pl\\\/index.php\\\/pranie-tapicerki-saska-kepa\\\/#primaryimage\"},\"image\":{\"@id\":\"https:\\\/\\\/www.czysta-tapicerka.waw.pl\\\/index.php\\\/pranie-tapicerki-saska-kepa\\\/#primaryimage\"},\"thumbnailUrl\":\"https:\\\/\\\/www.czysta-tapicerka.waw.pl\\\/wp-content\\\/uploads\\\/2023\\\/01\\\/tapicerka-meblowa.png\",\"datePublished\":\"2024-10-04T11:25:22+00:00\",\"dateModified\":\"2024-10-04T11:25:23+00:00\",\"description\":\"Pranie tapicerki (kanapy, naro\u017cnika, sofy, fotela)- Pranie dywan\u00f3w- Pranie materac\u00f3w- Czyszczenie tapicerki sk\u00f3rzanej - Saska K\u0119pa\",\"breadcrumb\":{\"@id\":\"https:\\\/\\\/www.czysta-tapicerka.waw.pl\\\/index.php\\\/pranie-tapicerki-saska-kepa\\\/#breadcrumb\"},\"inLanguage\":\"pl-PL\",\"potentialAction\":[{\"@type\":\"ReadAction\",\"target\":[\"https:\\\/\\\/www.czysta-tapicerka.waw.pl\\\/index.php\\\/pranie-tapicerki-saska-kepa\\\/\"]}]},{\"@type\":\"ImageObject\",\"inLanguage\":\"pl-PL\",\"@id\":\"https:\\\/\\\/www.czysta-tapicerka.waw.pl\\\/index.php\\\/pranie-tapicerki-saska-kepa\\\/#primaryimage\",\"url\":\"https:\\\/\\\/www.czysta-tapicerka.waw.pl\\\/wp-content\\\/uploads\\\/2023\\\/01\\\/tapicerka-meblowa.png\",\"contentUrl\":\"https:\\\/\\\/www.czysta-tapicerka.waw.pl\\\/wp-content\\\/uploads\\\/2023\\\/01\\\/tapicerka-meblowa.png\",\"width\":588,\"height\":391,\"caption\":\"pranie tapicerki\"},{\"@type\":\"BreadcrumbList\",\"@id\":\"https:\\\/\\\/www.czysta-tapicerka.waw.pl\\\/index.php\\\/pranie-tapicerki-saska-kepa\\\/#breadcrumb\",\"itemListElement\":[{\"@type\":\"ListItem\",\"position\":1,\"name\":\"Strona g\u0142\u00f3wna\",\"item\":\"https:\\\/\\\/www.czysta-tapicerka.waw.pl\\\/\"},{\"@type\":\"ListItem\",\"position\":2,\"name\":\"Pranie tapicerki Saska K\u0119pa\"}]},{\"@type\":\"WebSite\",\"@id\":\"https:\\\/\\\/www.czysta-tapicerka.waw.pl\\\/#website\",\"url\":\"https:\\\/\\\/www.czysta-tapicerka.waw.pl\\\/\",\"name\":\"Czysta-tapicerka\",\"description\":\"Pranie tapicerki, dywan&oacute;w, wyk\u0142adzin i materac&oacute;w.\",\"publisher\":{\"@id\":\"https:\\\/\\\/www.czysta-tapicerka.waw.pl\\\/#organization\"},\"potentialAction\":[{\"@type\":\"SearchAction\",\"target\":{\"@type\":\"EntryPoint\",\"urlTemplate\":\"https:\\\/\\\/www.czysta-tapicerka.waw.pl\\\/?s={search_term_string}\"},\"query-input\":{\"@type\":\"PropertyValueSpecification\",\"valueRequired\":true,\"valueName\":\"search_term_string\"}}],\"inLanguage\":\"pl-PL\"},{\"@type\":\"Organization\",\"@id\":\"https:\\\/\\\/www.czysta-tapicerka.waw.pl\\\/#organization\",\"name\":\"Czysta-tapicerka\",\"url\":\"https:\\\/\\\/www.czysta-tapicerka.waw.pl\\\/\",\"logo\":{\"@type\":\"ImageObject\",\"inLanguage\":\"pl-PL\",\"@id\":\"https:\\\/\\\/www.czysta-tapicerka.waw.pl\\\/#\\\/schema\\\/logo\\\/image\\\/\",\"url\":\"https:\\\/\\\/www.czysta-tapicerka.waw.pl\\\/wp-content\\\/uploads\\\/2024\\\/09\\\/cropped-custom-logo-3.png\",\"contentUrl\":\"https:\\\/\\\/www.czysta-tapicerka.waw.pl\\\/wp-content\\\/uploads\\\/2024\\\/09\\\/cropped-custom-logo-3.png\",\"width\":500,\"height\":200,\"caption\":\"Czysta-tapicerka\"},\"image\":{\"@id\":\"https:\\\/\\\/www.czysta-tapicerka.waw.pl\\\/#\\\/schema\\\/logo\\\/image\\\/\"},\"sameAs\":[\"https:\\\/\\\/www.facebook.com\\\/profile.php?id=100090025699514\"]}]}<\/script>\n<!-- \/ Yoast SEO Premium plugin. -->","yoast_head_json":{"title":"Pranie tapicerki Saska K\u0119pa- dywan\u00f3w - Warszawa i okolice Dojazd","description":"Pranie tapicerki (kanapy, naro\u017cnika, sofy, fotela)- Pranie dywan\u00f3w- Pranie materac\u00f3w- Czyszczenie tapicerki sk\u00f3rzanej - Saska K\u0119pa","robots":{"index":"index","follow":"follow","max-snippet":"max-snippet:-1","max-image-preview":"max-image-preview:large","max-video-preview":"max-video-preview:-1"},"canonical":"https:\/\/www.czysta-tapicerka.waw.pl\/index.php\/pranie-tapicerki-saska-kepa\/","og_locale":"pl_PL","og_type":"article","og_title":"Pranie tapicerki Saska K\u0119pa","og_description":"Pranie tapicerki (kanapy, naro\u017cnika, sofy, fotela)- Pranie dywan\u00f3w- Pranie materac\u00f3w- Czyszczenie tapicerki sk\u00f3rzanej - Saska K\u0119pa","og_url":"https:\/\/www.czysta-tapicerka.waw.pl\/index.php\/pranie-tapicerki-saska-kepa\/","og_site_name":"Czysta-tapicerka","article_publisher":"https:\/\/www.facebook.com\/profile.php?id=100090025699514","article_modified_time":"2024-10-04T11:25:23+00:00","og_image":[{"width":588,"height":391,"url":"https:\/\/www.czysta-tapicerka.waw.pl\/wp-content\/uploads\/2023\/01\/tapicerka-meblowa.png","type":"image\/png"}],"twitter_card":"summary_large_image","twitter_misc":{"Szacowany czas czytania":"3 minuty"},"schema":{"@context":"https:\/\/schema.org","@graph":[{"@type":"WebPage","@id":"https:\/\/www.czysta-tapicerka.waw.pl\/index.php\/pranie-tapicerki-saska-kepa\/","url":"https:\/\/www.czysta-tapicerka.waw.pl\/index.php\/pranie-tapicerki-saska-kepa\/","name":"Pranie tapicerki Saska K\u0119pa- dywan\u00f3w - Warszawa i okolice Dojazd","isPartOf":{"@id":"https:\/\/www.czysta-tapicerka.waw.pl\/#website"},"primaryImageOfPage":{"@id":"https:\/\/www.czysta-tapicerka.waw.pl\/index.php\/pranie-tapicerki-saska-kepa\/#primaryimage"},"image":{"@id":"https:\/\/www.czysta-tapicerka.waw.pl\/index.php\/pranie-tapicerki-saska-kepa\/#primaryimage"},"thumbnailUrl":"https:\/\/www.czysta-tapicerka.waw.pl\/wp-content\/uploads\/2023\/01\/tapicerka-meblowa.png","datePublished":"2024-10-04T11:25:22+00:00","dateModified":"2024-10-04T11:25:23+00:00","description":"Pranie tapicerki (kanapy, naro\u017cnika, sofy, fotela)- Pranie dywan\u00f3w- Pranie materac\u00f3w- Czyszczenie tapicerki sk\u00f3rzanej - Saska K\u0119pa","breadcrumb":{"@id":"https:\/\/www.czysta-tapicerka.waw.pl\/index.php\/pranie-tapicerki-saska-kepa\/#breadcrumb"},"inLanguage":"pl-PL","potentialAction":[{"@type":"ReadAction","target":["https:\/\/www.czysta-tapicerka.waw.pl\/index.php\/pranie-tapicerki-saska-kepa\/"]}]},{"@type":"ImageObject","inLanguage":"pl-PL","@id":"https:\/\/www.czysta-tapicerka.waw.pl\/index.php\/pranie-tapicerki-saska-kepa\/#primaryimage","url":"https:\/\/www.czysta-tapicerka.waw.pl\/wp-content\/uploads\/2023\/01\/tapicerka-meblowa.png","contentUrl":"https:\/\/www.czysta-tapicerka.waw.pl\/wp-content\/uploads\/2023\/01\/tapicerka-meblowa.png","width":588,"height":391,"caption":"pranie tapicerki"},{"@type":"BreadcrumbList","@id":"https:\/\/www.czysta-tapicerka.waw.pl\/index.php\/pranie-tapicerki-saska-kepa\/#breadcrumb","itemListElement":[{"@type":"ListItem","position":1,"name":"Strona g\u0142\u00f3wna","item":"https:\/\/www.czysta-tapicerka.waw.pl\/"},{"@type":"ListItem","position":2,"name":"Pranie tapicerki Saska K\u0119pa"}]},{"@type":"WebSite","@id":"https:\/\/www.czysta-tapicerka.waw.pl\/#website","url":"https:\/\/www.czysta-tapicerka.waw.pl\/","name":"Czysta-tapicerka","description":"Pranie tapicerki, dywan&oacute;w, wyk\u0142adzin i materac&oacute;w.","publisher":{"@id":"https:\/\/www.czysta-tapicerka.waw.pl\/#organization"},"potentialAction":[{"@type":"SearchAction","target":{"@type":"EntryPoint","urlTemplate":"https:\/\/www.czysta-tapicerka.waw.pl\/?s={search_term_string}"},"query-input":{"@type":"PropertyValueSpecification","valueRequired":true,"valueName":"search_term_string"}}],"inLanguage":"pl-PL"},{"@type":"Organization","@id":"https:\/\/www.czysta-tapicerka.waw.pl\/#organization","name":"Czysta-tapicerka","url":"https:\/\/www.czysta-tapicerka.waw.pl\/","logo":{"@type":"ImageObject","inLanguage":"pl-PL","@id":"https:\/\/www.czysta-tapicerka.waw.pl\/#\/schema\/logo\/image\/","url":"https:\/\/www.czysta-tapicerka.waw.pl\/wp-content\/uploads\/2024\/09\/cropped-custom-logo-3.png","contentUrl":"https:\/\/www.czysta-tapicerka.waw.pl\/wp-content\/uploads\/2024\/09\/cropped-custom-logo-3.png","width":500,"height":200,"caption":"Czysta-tapicerka"},"image":{"@id":"https:\/\/www.czysta-tapicerka.waw.pl\/#\/schema\/logo\/image\/"},"sameAs":["https:\/\/www.facebook.com\/profile.php?id=100090025699514"]}]}},"_links":{"self":[{"href":"https:\/\/www.czysta-tapicerka.waw.pl\/index.php\/wp-json\/wp\/v2\/pages\/581","targetHints":{"allow":["GET"]}}],"collection":[{"href":"https:\/\/www.czysta-tapicerka.waw.pl\/index.php\/wp-json\/wp\/v2\/pages"}],"about":[{"href":"https:\/\/www.czysta-tapicerka.waw.pl\/index.php\/wp-json\/wp\/v2\/types\/page"}],"author":[{"embeddable":true,"href":"https:\/\/www.czysta-tapicerka.waw.pl\/index.php\/wp-json\/wp\/v2\/users\/2"}],"replies":[{"embeddable":true,"href":"https:\/\/www.czysta-tapicerka.waw.pl\/index.php\/wp-json\/wp\/v2\/comments?post=581"}],"version-history":[{"count":1,"href":"https:\/\/www.czysta-tapicerka.waw.pl\/index.php\/wp-json\/wp\/v2\/pages\/581\/revisions"}],"predecessor-version":[{"id":582,"href":"https:\/\/www.czysta-tapicerka.waw.pl\/index.php\/wp-json\/wp\/v2\/pages\/581\/revisions\/582"}],"wp:featuredmedia":[{"embeddable":true,"href":"https:\/\/www.czysta-tapicerka.waw.pl\/index.php\/wp-json\/wp\/v2\/media\/39"}],"wp:attachment":[{"href":"https:\/\/www.czysta-tapicerka.waw.pl\/index.php\/wp-json\/wp\/v2\/media?parent=581"}],"curies":[{"name":"wp","href":"https:\/\/api.w.org\/{rel}","templated":true}]}}