{"id":521,"date":"2024-10-03T16:18:52","date_gmt":"2024-10-03T16:18:52","guid":{"rendered":"https:\/\/www.czysta-tapicerka.waw.pl\/?page_id=521"},"modified":"2025-10-10T22:42:52","modified_gmt":"2025-10-10T22:42:52","slug":"wypozyczalnia-odkurzaczy-pioracych-goclaw","status":"publish","type":"page","link":"https:\/\/www.czysta-tapicerka.waw.pl\/index.php\/wypozyczalnia-odkurzaczy-pioracych-goclaw\/","title":{"rendered":"Wypo\u017cyczalnia sprz\u0119tu pior\u0105cego Goc\u0142aw"},"content":{"rendered":"\n<p class=\"has-medium-font-size\">Wypo\u017cyczalnia odkurzaczy pior\u0105cych Goc\u0142aw. Wypo\u017cyczalnia parownic osuszaczy Goc\u0142aw<\/p>\n\n\n\n<p class=\"has-text-align-center has-large-font-size\"><strong>+48 510-686-595<\/strong><\/p>\n\n\n\n<p class=\"has-medium-font-size\">Co nas wyr\u00f3\u017cnia?:<\/p>\n\n\n\n<ul class=\"wp-block-list\">\n<li class=\"has-medium-font-size\"><strong>indywidualny dob\u00f3r chemii pod potrzeby klienta<\/strong>. W naszej wypo\u017cyczalni odkurzaczy pior\u0105cych Goc\u0142aw nie otrzymasz jednego, uniwersalnego \u015brodka &#8222;na wszystko&#8221;, a dedykowan\u0105 chemi\u0119 do materia\u0142u, kt\u00f3ry b\u0119dzie czyszczony. Chemia dobierana jest na podstawie: sk\u0142adu materia\u0142u, koloru oraz rodzaju zabrudze\u0144. Dlatego nie musisz si\u0119 obawia\u0107, czy chemia nie zniszczy Twojego dywanu z naturalnego w\u0142\u00f3kna. Otrzymasz chemi\u0119 bezpieczn\u0105 dla danego rodzaju tkaniny i zarazem skuteczn\u0105.<strong> U nas otrzymasz profesjonaln\u0105 chemi\u0119, kt\u00f3r\u0105 sami wykonujemy zlecenia u naszych klient\u00f3w.<\/strong> W zestawie z odkurzaczem otrzymasz dany zestaw chemii: prespray (\u015brodek do wst\u0119pnego rozpuszczenia zabrudze\u0144, kt\u00f3ry wcieramy szczotk\u0105 &#8211; 2l roztworu) oraz \u015brodek do wyp\u0142ukania zabrudze\u0144 (9l roztworu). Po za zestawem mo\u017cesz dokupi\u0107 r\u00f3wnie\u017c liczne odplamiacze na najbardziej uporczywe plamy oraz impregnat, kt\u00f3ry zabezpieczy materia\u0142 przed zabrudzeniami. Zastosowanie dedykowanej chemii do wyp\u0142ukania zabrudze\u0144 &#8211; z pewno\u015bci\u0105 gwarantuje brak mo\u017cliwo\u015bci pozostawienia na materiale zasadowego odczynu, a co za tym idzie &#8211; materia\u0142 pozostaje bezpieczny dla sk\u00f3ry. Korzystaj\u0105c z us\u0142ug naszej wypo\u017cyczalni <strong>nie musisz si\u0119 obawia\u0107 powstania uczulenia na sk\u00f3rze po u\u017cyciu naszej chemii<\/strong>. Dlatego stawiamy na dedykowan\u0105 chemi\u0119, a nie &#8222;uniwersalne proszki&#8221;. <strong>Stawiamy na bezpiecze\u0144stwo!<\/strong><\/li>\n\n\n\n<li class=\"has-medium-font-size\"><strong>mocniejszy sprz\u0119t o lepszych parametrach<\/strong>. W odr\u00f3\u017cnieniu od najbardziej popularnego modelu \u017c\u00f3\u0142to-szarego odkurzacza -odkurzacze w naszej wypo\u017cyczalni odkurzaczy pior\u0105cych maj\u0105 blisko <strong>pi\u0119ciokrotnie mocniejsz\u0105 pomp\u0119 podawania wody oraz wi\u0119ksz\u0105 moc odsysania wody<\/strong>. W wyniku czego, gwarantuje to znacznie szybsz\u0105 i efektywniejsz\u0105 prac\u0119 oraz kr\u00f3tszy czas schni\u0119cia! <\/li>\n<\/ul>\n\n\n\n<hr class=\"wp-block-separator alignwide has-text-color has-alpha-channel-opacity has-background\" style=\"background-color:#cfe3f4;color:#cfe3f4\"\/>\n\n\n\n<h2 class=\"wp-block-heading has-text-align-center\" id=\"h-odkurzacz-pioracy-profi-50-1c\">Odkurzacz pior\u0105cy Profi 50.1C<\/h2>\n\n\n\n<div style=\"height:31px\" aria-hidden=\"true\" class=\"wp-block-spacer\"><\/div>\n\n\n\n<div class=\"wp-block-media-text is-stacked-on-mobile\" style=\"grid-template-columns:43% auto\"><figure class=\"wp-block-media-text__media\"><img loading=\"lazy\" decoding=\"async\" width=\"1024\" height=\"1024\" src=\"https:\/\/www.czysta-tapicerka.waw.pl\/wp-content\/uploads\/2024\/10\/odkurzacz-profi-50-1-c_big-3-1024x1024.png\" alt=\"wypo\u017cyczalnia odkurzaczy pior\u0105cych Goc\u0142aw\" class=\"wp-image-525 size-full\" srcset=\"https:\/\/www.czysta-tapicerka.waw.pl\/wp-content\/uploads\/2024\/10\/odkurzacz-profi-50-1-c_big-3-1024x1024.png 1024w, https:\/\/www.czysta-tapicerka.waw.pl\/wp-content\/uploads\/2024\/10\/odkurzacz-profi-50-1-c_big-3-300x300.png 300w, https:\/\/www.czysta-tapicerka.waw.pl\/wp-content\/uploads\/2024\/10\/odkurzacz-profi-50-1-c_big-3-150x150.png 150w, https:\/\/www.czysta-tapicerka.waw.pl\/wp-content\/uploads\/2024\/10\/odkurzacz-profi-50-1-c_big-3-768x768.png 768w, https:\/\/www.czysta-tapicerka.waw.pl\/wp-content\/uploads\/2024\/10\/odkurzacz-profi-50-1-c_big-3.png 1200w\" sizes=\"auto, (max-width: 1024px) 100vw, 1024px\" \/><\/figure><div class=\"wp-block-media-text__content\">\n<p class=\"has-text-align-left\">Mocny <a href=\"https:\/\/www.czysta-tapicerka.waw.pl\/index.php\/wypozyczalnia-sprzetu-pioracego\/\">odkurzacz<\/a> o dobrych parametrach to przepis na szybkie i efektowane odnowienie Twojej tapicerki i dywan\u00f3w. W naszej wypo\u017cyczalni odkurzaczy pior\u0105cych posiadamy sprz\u0119t marki <a href=\"https:\/\/profieurope.eu\/\">Profi<\/a>. Profi to odkurzacz polskiej produkcji, kt\u00f3ry parametrami zostawia w tyle te najbardziej popularne &#8211; \u017c\u00f3\u0142to-szare odkurzacze. Odkurzacz Profi 50.1C ma blisko pi\u0119ciokrotnie mocniejsz\u0105 pomp\u0119 podawania wody oraz wi\u0119ksz\u0105 moc turbiny, co wp\u0142ywa na mocniejsz\u0105 moc odsysania. Gwarantuje to szybk\u0105 i efektywn\u0105 prac\u0119, gdy\u017c roztw\u00f3r do p\u0142ukania z mocniejsz\u0105 si\u0142\u0105 wbija si\u0119 w zabrudzenie, a mocniejsza moc odsysania umo\u017cliwia szybsze oderwanie si\u0119 zabrudze\u0144 od materia\u0142u. <\/p>\n\n\n\n<p class=\"has-medium-font-size\"><strong><em>W zestawie:<\/em><\/strong><\/p>\n\n\n\n<ul class=\"wp-block-list\">\n<li>Odkurzacz Profi 50.1C<\/li>\n\n\n\n<li>Ssawka do tapicerki oraz ssawka do dywan\u00f3w<\/li>\n\n\n\n<li>Opryskiwacz do chemii do wst\u0119pnego rozpuszczania zabrudze\u0144<\/li>\n\n\n\n<li>Szczotka z mi\u0119kkiego w\u0142osia do wcierania pierwszego \u015brodka<\/li>\n\n\n\n<li>Chemia: \u015brodek do wst\u0119pnego rozpuszczania zabrudze\u0144 (2l roztworu) oraz chemia do p\u0142ukania (9l roztworu)<\/li>\n<\/ul>\n\n\n\n<p>Otrzymasz 8 porcji chemii do rozpuszczania zabrudze\u0144 oraz 8 porcji chemii do p\u0142ukania, z czego <strong>GRATIS otrzymasz po jednej porcji obu rodzaj\u00f3w chemii.<\/strong> Ka\u017cde dodatkowe opakowanie kosztuje 10z\u0142. P\u0142acisz tyle, ile wykorzystasz.<\/p>\n\n\n\n<figure class=\"wp-block-table has-medium-font-size\"><table class=\"has-fixed-layout\"><tbody><tr><td class=\"has-text-align-center\" data-align=\"center\"><strong><em>90z\u0142\/doba<\/em><\/strong><\/td><td class=\"has-text-align-center\" data-align=\"center\"><strong><em>140z\u0142\/weekend<\/em><\/strong><\/td><\/tr><\/tbody><\/table><\/figure>\n<\/div><\/div>\n\n\n\n<hr class=\"wp-block-separator alignwide has-text-color has-alpha-channel-opacity has-background\" style=\"background-color:#cfe3f4;color:#cfe3f4\"\/>\n\n\n\n<h2 class=\"wp-block-heading has-text-align-center\" id=\"h-osuszacz-dri-pod\">Osuszacz Dri-pod<\/h2>\n\n\n\n<div class=\"wp-block-media-text is-stacked-on-mobile\" style=\"grid-template-columns:44% auto\"><figure class=\"wp-block-media-text__media\"><img loading=\"lazy\" decoding=\"async\" width=\"680\" height=\"680\" src=\"https:\/\/www.czysta-tapicerka.waw.pl\/wp-content\/uploads\/2024\/10\/9ffb2eb0d079de2415042d9a5cdbb1ccd60e2f50-3.png\" alt=\"Wypo\u017cyczalnia osuszaczy Goc\u0142aw\" class=\"wp-image-535 size-full\" srcset=\"https:\/\/www.czysta-tapicerka.waw.pl\/wp-content\/uploads\/2024\/10\/9ffb2eb0d079de2415042d9a5cdbb1ccd60e2f50-3.png 680w, https:\/\/www.czysta-tapicerka.waw.pl\/wp-content\/uploads\/2024\/10\/9ffb2eb0d079de2415042d9a5cdbb1ccd60e2f50-3-300x300.png 300w, https:\/\/www.czysta-tapicerka.waw.pl\/wp-content\/uploads\/2024\/10\/9ffb2eb0d079de2415042d9a5cdbb1ccd60e2f50-3-150x150.png 150w\" sizes=\"auto, (max-width: 680px) 100vw, 680px\" \/><\/figure><div class=\"wp-block-media-text__content\">\n<p class=\"has-text-align-left\">W naszej wypo\u017cyczalni sprz\u0119tu pior\u0105cego \u015bwiadczymy r\u00f3wnie\u017c us\u0142ugi wypo\u017cyczalni osuszaczy Goc\u0142aw. Je\u015bli obawiasz si\u0119, \u017ce kanapa lub dywan nie wyschnie na czas &#8211; wypo\u017cycz specjalistyczne urz\u0105dzenie Dri-pod. To urz\u0105dzenie specjalizuj\u0105ce si\u0119 w suszeniu tapicerki i dywan\u00f3w, pod\u0142\u00f3g oraz pomieszcze\u0144. Wytwarza podmuch powietrza w promieniu 1 metra.<\/p>\n\n\n\n<figure class=\"wp-block-table has-medium-font-size\"><table class=\"has-fixed-layout\"><tbody><tr><td class=\"has-text-align-center\" data-align=\"center\"><strong><em>50z\u0142\/doba<\/em><\/strong><\/td><td class=\"has-text-align-center\" data-align=\"center\"><strong><em>80z\u0142\/weekend<\/em><\/strong><\/td><\/tr><\/tbody><\/table><\/figure>\n<\/div><\/div>\n\n\n\n<hr class=\"wp-block-separator alignwide has-text-color has-alpha-channel-opacity has-background\" style=\"background-color:#cfe3f4;color:#cfe3f4\"\/>\n\n\n\n<h2 class=\"wp-block-heading has-text-align-center\" id=\"h-parownica-ariete-xvapor-deluxe\">Parownica Ariete XVapor Deluxe<\/h2>\n\n\n\n<div class=\"wp-block-media-text is-stacked-on-mobile\" style=\"grid-template-columns:44% auto\"><figure class=\"wp-block-media-text__media\"><img loading=\"lazy\" decoding=\"async\" width=\"1024\" height=\"838\" src=\"https:\/\/www.czysta-tapicerka.waw.pl\/wp-content\/uploads\/2024\/10\/ariete-xvapor-deluxe-414619708904809_5-2-1024x838.webp\" alt=\"Wypo\u017cyczalnia parownic Goc\u0142aw\" class=\"wp-image-536 size-full\" srcset=\"https:\/\/www.czysta-tapicerka.waw.pl\/wp-content\/uploads\/2024\/10\/ariete-xvapor-deluxe-414619708904809_5-2-1024x838.webp 1024w, https:\/\/www.czysta-tapicerka.waw.pl\/wp-content\/uploads\/2024\/10\/ariete-xvapor-deluxe-414619708904809_5-2-300x245.webp 300w, https:\/\/www.czysta-tapicerka.waw.pl\/wp-content\/uploads\/2024\/10\/ariete-xvapor-deluxe-414619708904809_5-2-768x628.webp 768w, https:\/\/www.czysta-tapicerka.waw.pl\/wp-content\/uploads\/2024\/10\/ariete-xvapor-deluxe-414619708904809_5-2.webp 1100w\" sizes=\"auto, (max-width: 1024px) 100vw, 1024px\" \/><\/figure><div class=\"wp-block-media-text__content\">\n<p class=\"has-text-align-left\">Chcesz pozby\u0107 si\u0119 bakterii be\u017c u\u017cycia chemii? Teraz mo\u017cesz to zrobi\u0107 przy u\u017cyciu pary wody. Nasza wypo\u017cyczalnia sprz\u0119tu pior\u0105cego \u015bwiadczy us\u0142ugi r\u00f3wnie\u017c w zakresie wypo\u017cyczalni parownic Goc\u0142aw. Parownic\u0105 mo\u017cna czy\u015bci\u0107 zar\u00f3wno meble, jak i pod\u0142ogi.<\/p>\n\n\n\n<figure class=\"wp-block-table has-medium-font-size\"><table class=\"has-fixed-layout\"><tbody><tr><td class=\"has-text-align-center\" data-align=\"center\"><strong><em>50z\u0142\/doba<\/em><\/strong><\/td><td class=\"has-text-align-center\" data-align=\"center\"><strong><em>80z\u0142\/weekend<\/em><\/strong><\/td><\/tr><\/tbody><\/table><\/figure>\n<\/div><\/div>\n\n\n\n<p class=\"has-text-align-center has-medium-font-size\">Zadzwo\u0144 i zarezerwuj sprz\u0119t pior\u0105cy ju\u017c dzi\u015b:<\/p>\n\n\n\n<p class=\"has-text-align-center has-large-font-size\"><strong>+48 510-686-595<\/strong><\/p>\n\n\n\n<p><\/p>\n","protected":false},"excerpt":{"rendered":"<p>Wypo\u017cyczalnia odkurzaczy pior\u0105cych Goc\u0142aw. Wypo\u017cyczalnia parownic osuszaczy Goc\u0142aw +48 510-686-595 Co nas wyr\u00f3\u017cnia?: Odkurzacz pior\u0105cy Profi 50.1C Osuszacz Dri-pod W naszej wypo\u017cyczalni sprz\u0119tu pior\u0105cego \u015bwiadczymy r\u00f3wnie\u017c us\u0142ugi wypo\u017cyczalni osuszaczy Goc\u0142aw. Je\u015bli obawiasz si\u0119, \u017ce kanapa lub dywan nie wyschnie na czas &#8211; wypo\u017cycz specjalistyczne urz\u0105dzenie Dri-pod. To urz\u0105dzenie specjalizuj\u0105ce si\u0119 w suszeniu tapicerki i dywan\u00f3w,&#8230;<\/p>\n","protected":false},"author":2,"featured_media":0,"parent":0,"menu_order":0,"comment_status":"closed","ping_status":"closed","template":"","meta":{"_monsterinsights_skip_tracking":false,"_monsterinsights_sitenote_active":false,"_monsterinsights_sitenote_note":"","_monsterinsights_sitenote_category":0,"_uf_show_specific_survey":0,"_uf_disable_surveys":false,"_kad_post_transparent":"","_kad_post_title":"","_kad_post_layout":"","_kad_post_sidebar_id":"","_kad_post_content_style":"","_kad_post_vertical_padding":"","_kad_post_feature":"","_kad_post_feature_position":"","_kad_post_header":false,"_kad_post_footer":false,"_kad_post_classname":"","footnotes":""},"class_list":["post-521","page","type-page","status-publish","hentry"],"yoast_head":"<!-- This site is optimized with the Yoast SEO Premium plugin v23.5 (Yoast SEO v27.4) - https:\/\/yoast.com\/product\/yoast-seo-premium-wordpress\/ -->\n<title>Wypo\u017cyczalnia odkurzaczy pior\u0105cych Goc\u0142aw - Czysta-tapicerka<\/title>\n<meta name=\"description\" content=\"Wypo\u017cyczalnia odkurzaczy pior\u0105cych Goc\u0142aw - Wypo\u017cyczalnia parownic Goc\u0142aw- Wypo\u017cyczalnia osuszaczy Goc\u0142aw - Dzwo\u0144 ju\u017c dzi\u015b +48 510-686-595\" \/>\n<meta name=\"robots\" content=\"index, follow, max-snippet:-1, max-image-preview:large, max-video-preview:-1\" \/>\n<link rel=\"canonical\" href=\"https:\/\/www.czysta-tapicerka.waw.pl\/index.php\/wypozyczalnia-odkurzaczy-pioracych-goclaw\/\" \/>\n<meta property=\"og:locale\" content=\"pl_PL\" \/>\n<meta property=\"og:type\" content=\"article\" \/>\n<meta property=\"og:title\" content=\"Wypo\u017cyczalnia sprz\u0119tu pior\u0105cego Goc\u0142aw\" \/>\n<meta property=\"og:description\" content=\"Wypo\u017cyczalnia odkurzaczy pior\u0105cych Goc\u0142aw - Wypo\u017cyczalnia parownic Goc\u0142aw- Wypo\u017cyczalnia osuszaczy Goc\u0142aw - Dzwo\u0144 ju\u017c dzi\u015b +48 510-686-595\" \/>\n<meta property=\"og:url\" content=\"https:\/\/www.czysta-tapicerka.waw.pl\/index.php\/wypozyczalnia-odkurzaczy-pioracych-goclaw\/\" \/>\n<meta property=\"og:site_name\" content=\"Czysta-tapicerka\" \/>\n<meta property=\"article:publisher\" content=\"https:\/\/www.facebook.com\/profile.php?id=100090025699514\" \/>\n<meta property=\"article:modified_time\" content=\"2025-10-10T22:42:52+00:00\" \/>\n<meta property=\"og:image\" content=\"https:\/\/www.czysta-tapicerka.waw.pl\/wp-content\/uploads\/2024\/10\/odkurzacz-profi-50-1-c_big-3.png\" \/>\n\t<meta property=\"og:image:width\" content=\"1200\" \/>\n\t<meta property=\"og:image:height\" content=\"1200\" \/>\n\t<meta property=\"og:image:type\" content=\"image\/png\" \/>\n<meta name=\"twitter:card\" content=\"summary_large_image\" \/>\n<meta name=\"twitter:label1\" content=\"Szacowany czas czytania\" \/>\n\t<meta name=\"twitter:data1\" content=\"4 minuty\" \/>\n<script type=\"application\/ld+json\" class=\"yoast-schema-graph\">{\"@context\":\"https:\\\/\\\/schema.org\",\"@graph\":[{\"@type\":\"WebPage\",\"@id\":\"https:\\\/\\\/www.czysta-tapicerka.waw.pl\\\/index.php\\\/wypozyczalnia-odkurzaczy-pioracych-goclaw\\\/\",\"url\":\"https:\\\/\\\/www.czysta-tapicerka.waw.pl\\\/index.php\\\/wypozyczalnia-odkurzaczy-pioracych-goclaw\\\/\",\"name\":\"Wypo\u017cyczalnia odkurzaczy pior\u0105cych Goc\u0142aw - Czysta-tapicerka\",\"isPartOf\":{\"@id\":\"https:\\\/\\\/www.czysta-tapicerka.waw.pl\\\/#website\"},\"primaryImageOfPage\":{\"@id\":\"https:\\\/\\\/www.czysta-tapicerka.waw.pl\\\/index.php\\\/wypozyczalnia-odkurzaczy-pioracych-goclaw\\\/#primaryimage\"},\"image\":{\"@id\":\"https:\\\/\\\/www.czysta-tapicerka.waw.pl\\\/index.php\\\/wypozyczalnia-odkurzaczy-pioracych-goclaw\\\/#primaryimage\"},\"thumbnailUrl\":\"https:\\\/\\\/www.czysta-tapicerka.waw.pl\\\/wp-content\\\/uploads\\\/2024\\\/10\\\/odkurzacz-profi-50-1-c_big-3-1024x1024.png\",\"datePublished\":\"2024-10-03T16:18:52+00:00\",\"dateModified\":\"2025-10-10T22:42:52+00:00\",\"description\":\"Wypo\u017cyczalnia odkurzaczy pior\u0105cych Goc\u0142aw - Wypo\u017cyczalnia parownic Goc\u0142aw- Wypo\u017cyczalnia osuszaczy Goc\u0142aw - Dzwo\u0144 ju\u017c dzi\u015b +48 510-686-595\",\"breadcrumb\":{\"@id\":\"https:\\\/\\\/www.czysta-tapicerka.waw.pl\\\/index.php\\\/wypozyczalnia-odkurzaczy-pioracych-goclaw\\\/#breadcrumb\"},\"inLanguage\":\"pl-PL\",\"potentialAction\":[{\"@type\":\"ReadAction\",\"target\":[\"https:\\\/\\\/www.czysta-tapicerka.waw.pl\\\/index.php\\\/wypozyczalnia-odkurzaczy-pioracych-goclaw\\\/\"]}]},{\"@type\":\"ImageObject\",\"inLanguage\":\"pl-PL\",\"@id\":\"https:\\\/\\\/www.czysta-tapicerka.waw.pl\\\/index.php\\\/wypozyczalnia-odkurzaczy-pioracych-goclaw\\\/#primaryimage\",\"url\":\"https:\\\/\\\/www.czysta-tapicerka.waw.pl\\\/wp-content\\\/uploads\\\/2024\\\/10\\\/odkurzacz-profi-50-1-c_big-3.png\",\"contentUrl\":\"https:\\\/\\\/www.czysta-tapicerka.waw.pl\\\/wp-content\\\/uploads\\\/2024\\\/10\\\/odkurzacz-profi-50-1-c_big-3.png\",\"width\":1200,\"height\":1200,\"caption\":\"wypo\u017cyczalnia odkurzaczy pior\u0105cych Goc\u0142aw\"},{\"@type\":\"BreadcrumbList\",\"@id\":\"https:\\\/\\\/www.czysta-tapicerka.waw.pl\\\/index.php\\\/wypozyczalnia-odkurzaczy-pioracych-goclaw\\\/#breadcrumb\",\"itemListElement\":[{\"@type\":\"ListItem\",\"position\":1,\"name\":\"Strona g\u0142\u00f3wna\",\"item\":\"https:\\\/\\\/www.czysta-tapicerka.waw.pl\\\/\"},{\"@type\":\"ListItem\",\"position\":2,\"name\":\"Wypo\u017cyczalnia sprz\u0119tu pior\u0105cego Goc\u0142aw\"}]},{\"@type\":\"WebSite\",\"@id\":\"https:\\\/\\\/www.czysta-tapicerka.waw.pl\\\/#website\",\"url\":\"https:\\\/\\\/www.czysta-tapicerka.waw.pl\\\/\",\"name\":\"Czysta-tapicerka\",\"description\":\"Pranie tapicerki, dywan&oacute;w, wyk\u0142adzin i materac&oacute;w.\",\"publisher\":{\"@id\":\"https:\\\/\\\/www.czysta-tapicerka.waw.pl\\\/#organization\"},\"potentialAction\":[{\"@type\":\"SearchAction\",\"target\":{\"@type\":\"EntryPoint\",\"urlTemplate\":\"https:\\\/\\\/www.czysta-tapicerka.waw.pl\\\/?s={search_term_string}\"},\"query-input\":{\"@type\":\"PropertyValueSpecification\",\"valueRequired\":true,\"valueName\":\"search_term_string\"}}],\"inLanguage\":\"pl-PL\"},{\"@type\":\"Organization\",\"@id\":\"https:\\\/\\\/www.czysta-tapicerka.waw.pl\\\/#organization\",\"name\":\"Czysta-tapicerka\",\"url\":\"https:\\\/\\\/www.czysta-tapicerka.waw.pl\\\/\",\"logo\":{\"@type\":\"ImageObject\",\"inLanguage\":\"pl-PL\",\"@id\":\"https:\\\/\\\/www.czysta-tapicerka.waw.pl\\\/#\\\/schema\\\/logo\\\/image\\\/\",\"url\":\"https:\\\/\\\/www.czysta-tapicerka.waw.pl\\\/wp-content\\\/uploads\\\/2024\\\/09\\\/cropped-custom-logo-3.png\",\"contentUrl\":\"https:\\\/\\\/www.czysta-tapicerka.waw.pl\\\/wp-content\\\/uploads\\\/2024\\\/09\\\/cropped-custom-logo-3.png\",\"width\":500,\"height\":200,\"caption\":\"Czysta-tapicerka\"},\"image\":{\"@id\":\"https:\\\/\\\/www.czysta-tapicerka.waw.pl\\\/#\\\/schema\\\/logo\\\/image\\\/\"},\"sameAs\":[\"https:\\\/\\\/www.facebook.com\\\/profile.php?id=100090025699514\"]}]}<\/script>\n<!-- \/ Yoast SEO Premium plugin. -->","yoast_head_json":{"title":"Wypo\u017cyczalnia odkurzaczy pior\u0105cych Goc\u0142aw - Czysta-tapicerka","description":"Wypo\u017cyczalnia odkurzaczy pior\u0105cych Goc\u0142aw - Wypo\u017cyczalnia parownic Goc\u0142aw- Wypo\u017cyczalnia osuszaczy Goc\u0142aw - Dzwo\u0144 ju\u017c dzi\u015b +48 510-686-595","robots":{"index":"index","follow":"follow","max-snippet":"max-snippet:-1","max-image-preview":"max-image-preview:large","max-video-preview":"max-video-preview:-1"},"canonical":"https:\/\/www.czysta-tapicerka.waw.pl\/index.php\/wypozyczalnia-odkurzaczy-pioracych-goclaw\/","og_locale":"pl_PL","og_type":"article","og_title":"Wypo\u017cyczalnia sprz\u0119tu pior\u0105cego Goc\u0142aw","og_description":"Wypo\u017cyczalnia odkurzaczy pior\u0105cych Goc\u0142aw - Wypo\u017cyczalnia parownic Goc\u0142aw- Wypo\u017cyczalnia osuszaczy Goc\u0142aw - Dzwo\u0144 ju\u017c dzi\u015b +48 510-686-595","og_url":"https:\/\/www.czysta-tapicerka.waw.pl\/index.php\/wypozyczalnia-odkurzaczy-pioracych-goclaw\/","og_site_name":"Czysta-tapicerka","article_publisher":"https:\/\/www.facebook.com\/profile.php?id=100090025699514","article_modified_time":"2025-10-10T22:42:52+00:00","og_image":[{"width":1200,"height":1200,"url":"https:\/\/www.czysta-tapicerka.waw.pl\/wp-content\/uploads\/2024\/10\/odkurzacz-profi-50-1-c_big-3.png","type":"image\/png"}],"twitter_card":"summary_large_image","twitter_misc":{"Szacowany czas czytania":"4 minuty"},"schema":{"@context":"https:\/\/schema.org","@graph":[{"@type":"WebPage","@id":"https:\/\/www.czysta-tapicerka.waw.pl\/index.php\/wypozyczalnia-odkurzaczy-pioracych-goclaw\/","url":"https:\/\/www.czysta-tapicerka.waw.pl\/index.php\/wypozyczalnia-odkurzaczy-pioracych-goclaw\/","name":"Wypo\u017cyczalnia odkurzaczy pior\u0105cych Goc\u0142aw - Czysta-tapicerka","isPartOf":{"@id":"https:\/\/www.czysta-tapicerka.waw.pl\/#website"},"primaryImageOfPage":{"@id":"https:\/\/www.czysta-tapicerka.waw.pl\/index.php\/wypozyczalnia-odkurzaczy-pioracych-goclaw\/#primaryimage"},"image":{"@id":"https:\/\/www.czysta-tapicerka.waw.pl\/index.php\/wypozyczalnia-odkurzaczy-pioracych-goclaw\/#primaryimage"},"thumbnailUrl":"https:\/\/www.czysta-tapicerka.waw.pl\/wp-content\/uploads\/2024\/10\/odkurzacz-profi-50-1-c_big-3-1024x1024.png","datePublished":"2024-10-03T16:18:52+00:00","dateModified":"2025-10-10T22:42:52+00:00","description":"Wypo\u017cyczalnia odkurzaczy pior\u0105cych Goc\u0142aw - Wypo\u017cyczalnia parownic Goc\u0142aw- Wypo\u017cyczalnia osuszaczy Goc\u0142aw - Dzwo\u0144 ju\u017c dzi\u015b +48 510-686-595","breadcrumb":{"@id":"https:\/\/www.czysta-tapicerka.waw.pl\/index.php\/wypozyczalnia-odkurzaczy-pioracych-goclaw\/#breadcrumb"},"inLanguage":"pl-PL","potentialAction":[{"@type":"ReadAction","target":["https:\/\/www.czysta-tapicerka.waw.pl\/index.php\/wypozyczalnia-odkurzaczy-pioracych-goclaw\/"]}]},{"@type":"ImageObject","inLanguage":"pl-PL","@id":"https:\/\/www.czysta-tapicerka.waw.pl\/index.php\/wypozyczalnia-odkurzaczy-pioracych-goclaw\/#primaryimage","url":"https:\/\/www.czysta-tapicerka.waw.pl\/wp-content\/uploads\/2024\/10\/odkurzacz-profi-50-1-c_big-3.png","contentUrl":"https:\/\/www.czysta-tapicerka.waw.pl\/wp-content\/uploads\/2024\/10\/odkurzacz-profi-50-1-c_big-3.png","width":1200,"height":1200,"caption":"wypo\u017cyczalnia odkurzaczy pior\u0105cych Goc\u0142aw"},{"@type":"BreadcrumbList","@id":"https:\/\/www.czysta-tapicerka.waw.pl\/index.php\/wypozyczalnia-odkurzaczy-pioracych-goclaw\/#breadcrumb","itemListElement":[{"@type":"ListItem","position":1,"name":"Strona g\u0142\u00f3wna","item":"https:\/\/www.czysta-tapicerka.waw.pl\/"},{"@type":"ListItem","position":2,"name":"Wypo\u017cyczalnia sprz\u0119tu pior\u0105cego Goc\u0142aw"}]},{"@type":"WebSite","@id":"https:\/\/www.czysta-tapicerka.waw.pl\/#website","url":"https:\/\/www.czysta-tapicerka.waw.pl\/","name":"Czysta-tapicerka","description":"Pranie tapicerki, dywan&oacute;w, wyk\u0142adzin i materac&oacute;w.","publisher":{"@id":"https:\/\/www.czysta-tapicerka.waw.pl\/#organization"},"potentialAction":[{"@type":"SearchAction","target":{"@type":"EntryPoint","urlTemplate":"https:\/\/www.czysta-tapicerka.waw.pl\/?s={search_term_string}"},"query-input":{"@type":"PropertyValueSpecification","valueRequired":true,"valueName":"search_term_string"}}],"inLanguage":"pl-PL"},{"@type":"Organization","@id":"https:\/\/www.czysta-tapicerka.waw.pl\/#organization","name":"Czysta-tapicerka","url":"https:\/\/www.czysta-tapicerka.waw.pl\/","logo":{"@type":"ImageObject","inLanguage":"pl-PL","@id":"https:\/\/www.czysta-tapicerka.waw.pl\/#\/schema\/logo\/image\/","url":"https:\/\/www.czysta-tapicerka.waw.pl\/wp-content\/uploads\/2024\/09\/cropped-custom-logo-3.png","contentUrl":"https:\/\/www.czysta-tapicerka.waw.pl\/wp-content\/uploads\/2024\/09\/cropped-custom-logo-3.png","width":500,"height":200,"caption":"Czysta-tapicerka"},"image":{"@id":"https:\/\/www.czysta-tapicerka.waw.pl\/#\/schema\/logo\/image\/"},"sameAs":["https:\/\/www.facebook.com\/profile.php?id=100090025699514"]}]}},"_links":{"self":[{"href":"https:\/\/www.czysta-tapicerka.waw.pl\/index.php\/wp-json\/wp\/v2\/pages\/521","targetHints":{"allow":["GET"]}}],"collection":[{"href":"https:\/\/www.czysta-tapicerka.waw.pl\/index.php\/wp-json\/wp\/v2\/pages"}],"about":[{"href":"https:\/\/www.czysta-tapicerka.waw.pl\/index.php\/wp-json\/wp\/v2\/types\/page"}],"author":[{"embeddable":true,"href":"https:\/\/www.czysta-tapicerka.waw.pl\/index.php\/wp-json\/wp\/v2\/users\/2"}],"replies":[{"embeddable":true,"href":"https:\/\/www.czysta-tapicerka.waw.pl\/index.php\/wp-json\/wp\/v2\/comments?post=521"}],"version-history":[{"count":6,"href":"https:\/\/www.czysta-tapicerka.waw.pl\/index.php\/wp-json\/wp\/v2\/pages\/521\/revisions"}],"predecessor-version":[{"id":607,"href":"https:\/\/www.czysta-tapicerka.waw.pl\/index.php\/wp-json\/wp\/v2\/pages\/521\/revisions\/607"}],"wp:attachment":[{"href":"https:\/\/www.czysta-tapicerka.waw.pl\/index.php\/wp-json\/wp\/v2\/media?parent=521"}],"curies":[{"name":"wp","href":"https:\/\/api.w.org\/{rel}","templated":true}]}}